{"id":1715,"date":"2026-01-23T19:07:13","date_gmt":"2026-01-23T19:07:13","guid":{"rendered":"https:\/\/enginstechmaintenance.com\/?page_id=1715"},"modified":"2026-01-23T19:56:38","modified_gmt":"2026-01-23T19:56:38","slug":"renovation-moteurs-engins-en-algerie","status":"publish","type":"page","link":"https:\/\/enginstechmaintenance.com\/en\/renovation-moteurs-engins-en-algerie\/","title":{"rendered":"R\u00e9novation moteurs engins en Alg\u00e9rie"},"content":{"rendered":"<h2>R\u00e9novation moteur engins diesel en Alg\u00e9rie<\/h2>\n<p data-start=\"779\" data-end=\"1007\"><strong data-start=\"779\" data-end=\"806\">Engins Tech Maintenance<\/strong> est sp\u00e9cialis\u00e9e dans la <strong data-start=\"831\" data-end=\"877\">r\u00e9novation moteur engins diesel en Alg\u00e9rie<\/strong>, avec une approche technique rigoureuse, adapt\u00e9e aux exigences r\u00e9elles du terrain et aux contraintes des exploitants d\u2019engins TP.<\/p>\n<p>\t\t\t\t\t<a href=\"#\"><br \/>\n\t\t\t\t\t\t\t\t\tCliquez ici<br \/>\n\t\t\t\t\t<\/a><br \/>\n\t\t\t\t\t<a href=\"#\"><br \/>\n\t\t\t\t\t\t\t\t\tCliquez ici<br \/>\n\t\t\t\t\t<\/a><br \/>\n\t\t\t\t\t\t\t\t\t\t\t\t\t\t\t<img loading=\"lazy\" decoding=\"async\" width=\"800\" height=\"304\" src=\"https:\/\/enginstechmaintenance.com\/wp-content\/uploads\/2026\/01\/Unis-a-votre-machine-1024x389.png\" alt=\"\" srcset=\"https:\/\/enginstechmaintenance.com\/wp-content\/uploads\/2026\/01\/Unis-a-votre-machine-1024x389.png 1024w, https:\/\/enginstechmaintenance.com\/wp-content\/uploads\/2026\/01\/Unis-a-votre-machine-300x114.png 300w, https:\/\/enginstechmaintenance.com\/wp-content\/uploads\/2026\/01\/Unis-a-votre-machine-768x292.png 768w, https:\/\/enginstechmaintenance.com\/wp-content\/uploads\/2026\/01\/Unis-a-votre-machine-1536x584.png 1536w, https:\/\/enginstechmaintenance.com\/wp-content\/uploads\/2026\/01\/Unis-a-votre-machine-18x7.png 18w, https:\/\/enginstechmaintenance.com\/wp-content\/uploads\/2026\/01\/Unis-a-votre-machine.png 1920w\" sizes=\"auto, (max-width: 800px) 100vw, 800px\" \/>\t\t\t\t\t\t\t\t\t\t\t\t\t\t\t<\/p>\n<h2>Ajoutez votre titre ici<\/h2>\n<p>Lorem ipsum dolor sit amet, consectetur adipiscing elit. Ut elit tellus, luctus nec ullamcorper mattis, pulvinar dapibus leo.<\/p>\n<p>\t\t\t\t<svg aria-hidden=\"true\" viewbox=\"0 0 576 512\" xmlns=\"http:\/\/www.w3.org\/2000\/svg\"><path d=\"M259.3 17.8L194 150.2 47.9 171.5c-26.2 3.8-36.7 36.1-17.7 54.6l105.7 103-25 145.5c-4.5 26.3 23.2 46 46.4 33.7L288 439.6l130.7 68.7c23.2 12.2 50.9-7.4 46.4-33.7l-25-145.5 105.7-103c19-18.5 8.5-50.8-17.7-54.6L382 150.2 316.7 17.8c-11.7-23.6-45.6-23.9-57.4 0z\"><\/path><\/svg>\t\t\t\t<\/p>\n<h3>\n\t\t\t\t\t\t\t\u00c9viter l\u2019arr\u00eat prolong\u00e9 des chantiers<br \/>\n\t\t\t\t\t<\/h3>\n<p>\t\t\t\t<svg aria-hidden=\"true\" viewbox=\"0 0 576 512\" xmlns=\"http:\/\/www.w3.org\/2000\/svg\"><path d=\"M259.3 17.8L194 150.2 47.9 171.5c-26.2 3.8-36.7 36.1-17.7 54.6l105.7 103-25 145.5c-4.5 26.3 23.2 46 46.4 33.7L288 439.6l130.7 68.7c23.2 12.2 50.9-7.4 46.4-33.7l-25-145.5 105.7-103c19-18.5 8.5-50.8-17.7-54.6L382 150.2 316.7 17.8c-11.7-23.6-45.6-23.9-57.4 0z\"><\/path><\/svg>\t\t\t\t<\/p>\n<h3>\n\t\t\t\t\t\t\t\u00c9viter l\u2019arr\u00eat prolong\u00e9 des chantiers<br \/>\n\t\t\t\t\t<\/h3>\n<p>\t\t\t\t<svg aria-hidden=\"true\" viewbox=\"0 0 576 512\" xmlns=\"http:\/\/www.w3.org\/2000\/svg\"><path d=\"M259.3 17.8L194 150.2 47.9 171.5c-26.2 3.8-36.7 36.1-17.7 54.6l105.7 103-25 145.5c-4.5 26.3 23.2 46 46.4 33.7L288 439.6l130.7 68.7c23.2 12.2 50.9-7.4 46.4-33.7l-25-145.5 105.7-103c19-18.5 8.5-50.8-17.7-54.6L382 150.2 316.7 17.8c-11.7-23.6-45.6-23.9-57.4 0z\"><\/path><\/svg>\t\t\t\t<\/p>\n<h3>\n\t\t\t\t\t\t\t\u00c9viter l\u2019arr\u00eat prolong\u00e9 des chantiers<br \/>\n\t\t\t\t\t<\/h3>\n<p>\t\t\t\t<svg aria-hidden=\"true\" viewbox=\"0 0 576 512\" xmlns=\"http:\/\/www.w3.org\/2000\/svg\"><path d=\"M259.3 17.8L194 150.2 47.9 171.5c-26.2 3.8-36.7 36.1-17.7 54.6l105.7 103-25 145.5c-4.5 26.3 23.2 46 46.4 33.7L288 439.6l130.7 68.7c23.2 12.2 50.9-7.4 46.4-33.7l-25-145.5 105.7-103c19-18.5 8.5-50.8-17.7-54.6L382 150.2 316.7 17.8c-11.7-23.6-45.6-23.9-57.4 0z\"><\/path><\/svg>\t\t\t\t<\/p>\n<h3>\n\t\t\t\t\t\t\t\u00c9viter l\u2019arr\u00eat prolong\u00e9 des chantiers<br \/>\n\t\t\t\t\t<\/h3>","protected":false},"excerpt":{"rendered":"<p>R\u00e9novation moteur engins diesel en Alg\u00e9rie Engins Tech Maintenance est sp\u00e9cialis\u00e9e dans la r\u00e9novation moteur engins diesel en Alg\u00e9rie, avec une approche technique rigoureuse, adapt\u00e9e aux exigences r\u00e9elles du terrain et aux contraintes des exploitants d\u2019engins TP. Cliquez ici Cliquez ici Ajoutez votre titre ici Lorem ipsum dolor sit amet, consectetur adipiscing elit. Ut elit [&hellip;]<\/p>","protected":false},"author":1,"featured_media":0,"parent":0,"menu_order":0,"comment_status":"closed","ping_status":"closed","template":"","meta":{"footnotes":""},"class_list":["post-1715","page","type-page","status-publish","hentry"],"yoast_head":"<!-- This site is optimized with the Yoast SEO plugin v26.8 - https:\/\/yoast.com\/product\/yoast-seo-wordpress\/ -->\n<title>R\u00e9novation moteurs engins en Alg\u00e9rie - enginstechmaintenance<\/title>\n<meta name=\"robots\" content=\"index, follow, max-snippet:-1, max-image-preview:large, max-video-preview:-1\" \/>\n<link rel=\"canonical\" href=\"https:\/\/enginstechmaintenance.com\/en\/renovation-moteurs-engins-en-algerie\/\" \/>\n<meta property=\"og:locale\" content=\"en_US\" \/>\n<meta property=\"og:type\" content=\"article\" \/>\n<meta property=\"og:title\" content=\"R\u00e9novation moteurs engins en Alg\u00e9rie - enginstechmaintenance\" \/>\n<meta property=\"og:description\" content=\"R\u00e9novation moteur engins diesel en Alg\u00e9rie Engins Tech Maintenance est sp\u00e9cialis\u00e9e dans la r\u00e9novation moteur engins diesel en Alg\u00e9rie, avec une approche technique rigoureuse, adapt\u00e9e aux exigences r\u00e9elles du terrain et aux contraintes des exploitants d\u2019engins TP. Cliquez ici Cliquez ici Ajoutez votre titre ici Lorem ipsum dolor sit amet, consectetur adipiscing elit. Ut elit [&hellip;]\" \/>\n<meta property=\"og:url\" content=\"https:\/\/enginstechmaintenance.com\/en\/renovation-moteurs-engins-en-algerie\/\" \/>\n<meta property=\"og:site_name\" content=\"enginstechmaintenance\" \/>\n<meta property=\"article:modified_time\" content=\"2026-01-23T19:56:38+00:00\" \/>\n<meta property=\"og:image\" content=\"https:\/\/enginstechmaintenance.com\/wp-content\/uploads\/2026\/01\/Unis-a-votre-machine.png\" \/>\n\t<meta property=\"og:image:width\" content=\"1920\" \/>\n\t<meta property=\"og:image:height\" content=\"730\" \/>\n\t<meta property=\"og:image:type\" content=\"image\/png\" \/>\n<meta name=\"twitter:card\" content=\"summary_large_image\" \/>\n<meta name=\"twitter:label1\" content=\"Est. reading time\" \/>\n\t<meta name=\"twitter:data1\" content=\"1 minute\" \/>\n<script type=\"application\/ld+json\" class=\"yoast-schema-graph\">{\"@context\":\"https:\/\/schema.org\",\"@graph\":[{\"@type\":\"WebPage\",\"@id\":\"https:\/\/enginstechmaintenance.com\/renovation-moteurs-engins-en-algerie\/\",\"url\":\"https:\/\/enginstechmaintenance.com\/renovation-moteurs-engins-en-algerie\/\",\"name\":\"R\u00e9novation moteurs engins en Alg\u00e9rie - enginstechmaintenance\",\"isPartOf\":{\"@id\":\"https:\/\/enginstechmaintenance.com\/#website\"},\"primaryImageOfPage\":{\"@id\":\"https:\/\/enginstechmaintenance.com\/renovation-moteurs-engins-en-algerie\/#primaryimage\"},\"image\":{\"@id\":\"https:\/\/enginstechmaintenance.com\/renovation-moteurs-engins-en-algerie\/#primaryimage\"},\"thumbnailUrl\":\"https:\/\/enginstechmaintenance.com\/wp-content\/uploads\/2026\/01\/Unis-a-votre-machine-1024x389.png\",\"datePublished\":\"2026-01-23T19:07:13+00:00\",\"dateModified\":\"2026-01-23T19:56:38+00:00\",\"breadcrumb\":{\"@id\":\"https:\/\/enginstechmaintenance.com\/renovation-moteurs-engins-en-algerie\/#breadcrumb\"},\"inLanguage\":\"en-US\",\"potentialAction\":[{\"@type\":\"ReadAction\",\"target\":[\"https:\/\/enginstechmaintenance.com\/renovation-moteurs-engins-en-algerie\/\"]}]},{\"@type\":\"ImageObject\",\"inLanguage\":\"en-US\",\"@id\":\"https:\/\/enginstechmaintenance.com\/renovation-moteurs-engins-en-algerie\/#primaryimage\",\"url\":\"https:\/\/enginstechmaintenance.com\/wp-content\/uploads\/2026\/01\/Unis-a-votre-machine-1024x389.png\",\"contentUrl\":\"https:\/\/enginstechmaintenance.com\/wp-content\/uploads\/2026\/01\/Unis-a-votre-machine-1024x389.png\"},{\"@type\":\"BreadcrumbList\",\"@id\":\"https:\/\/enginstechmaintenance.com\/renovation-moteurs-engins-en-algerie\/#breadcrumb\",\"itemListElement\":[{\"@type\":\"ListItem\",\"position\":1,\"name\":\"Accueil\",\"item\":\"https:\/\/enginstechmaintenance.com\/\"},{\"@type\":\"ListItem\",\"position\":2,\"name\":\"R\u00e9novation moteurs engins en Alg\u00e9rie\"}]},{\"@type\":\"WebSite\",\"@id\":\"https:\/\/enginstechmaintenance.com\/#website\",\"url\":\"https:\/\/enginstechmaintenance.com\/\",\"name\":\"enginstechmaintenance\",\"description\":\"\",\"publisher\":{\"@id\":\"https:\/\/enginstechmaintenance.com\/#organization\"},\"potentialAction\":[{\"@type\":\"SearchAction\",\"target\":{\"@type\":\"EntryPoint\",\"urlTemplate\":\"https:\/\/enginstechmaintenance.com\/?s={search_term_string}\"},\"query-input\":{\"@type\":\"PropertyValueSpecification\",\"valueRequired\":true,\"valueName\":\"search_term_string\"}}],\"inLanguage\":\"en-US\"},{\"@type\":\"Organization\",\"@id\":\"https:\/\/enginstechmaintenance.com\/#organization\",\"name\":\"enginstechmaintenance\",\"url\":\"https:\/\/enginstechmaintenance.com\/\",\"logo\":{\"@type\":\"ImageObject\",\"inLanguage\":\"en-US\",\"@id\":\"https:\/\/enginstechmaintenance.com\/#\/schema\/logo\/image\/\",\"url\":\"https:\/\/enginstechmaintenance.com\/wp-content\/uploads\/2025\/05\/Plan-de-travail-1-1.svg\",\"contentUrl\":\"https:\/\/enginstechmaintenance.com\/wp-content\/uploads\/2025\/05\/Plan-de-travail-1-1.svg\",\"width\":512,\"height\":512,\"caption\":\"enginstechmaintenance\"},\"image\":{\"@id\":\"https:\/\/enginstechmaintenance.com\/#\/schema\/logo\/image\/\"}}]}<\/script>\n<!-- \/ Yoast SEO plugin. -->","yoast_head_json":{"title":"R\u00e9novation moteurs engins en Alg\u00e9rie - enginstechmaintenance","robots":{"index":"index","follow":"follow","max-snippet":"max-snippet:-1","max-image-preview":"max-image-preview:large","max-video-preview":"max-video-preview:-1"},"canonical":"https:\/\/enginstechmaintenance.com\/en\/renovation-moteurs-engins-en-algerie\/","og_locale":"en_US","og_type":"article","og_title":"R\u00e9novation moteurs engins en Alg\u00e9rie - enginstechmaintenance","og_description":"R\u00e9novation moteur engins diesel en Alg\u00e9rie Engins Tech Maintenance est sp\u00e9cialis\u00e9e dans la r\u00e9novation moteur engins diesel en Alg\u00e9rie, avec une approche technique rigoureuse, adapt\u00e9e aux exigences r\u00e9elles du terrain et aux contraintes des exploitants d\u2019engins TP. Cliquez ici Cliquez ici Ajoutez votre titre ici Lorem ipsum dolor sit amet, consectetur adipiscing elit. Ut elit [&hellip;]","og_url":"https:\/\/enginstechmaintenance.com\/en\/renovation-moteurs-engins-en-algerie\/","og_site_name":"enginstechmaintenance","article_modified_time":"2026-01-23T19:56:38+00:00","og_image":[{"width":1920,"height":730,"url":"https:\/\/enginstechmaintenance.com\/wp-content\/uploads\/2026\/01\/Unis-a-votre-machine.png","type":"image\/png"}],"twitter_card":"summary_large_image","twitter_misc":{"Est. reading time":"1 minute"},"schema":{"@context":"https:\/\/schema.org","@graph":[{"@type":"WebPage","@id":"https:\/\/enginstechmaintenance.com\/renovation-moteurs-engins-en-algerie\/","url":"https:\/\/enginstechmaintenance.com\/renovation-moteurs-engins-en-algerie\/","name":"R\u00e9novation moteurs engins en Alg\u00e9rie - enginstechmaintenance","isPartOf":{"@id":"https:\/\/enginstechmaintenance.com\/#website"},"primaryImageOfPage":{"@id":"https:\/\/enginstechmaintenance.com\/renovation-moteurs-engins-en-algerie\/#primaryimage"},"image":{"@id":"https:\/\/enginstechmaintenance.com\/renovation-moteurs-engins-en-algerie\/#primaryimage"},"thumbnailUrl":"https:\/\/enginstechmaintenance.com\/wp-content\/uploads\/2026\/01\/Unis-a-votre-machine-1024x389.png","datePublished":"2026-01-23T19:07:13+00:00","dateModified":"2026-01-23T19:56:38+00:00","breadcrumb":{"@id":"https:\/\/enginstechmaintenance.com\/renovation-moteurs-engins-en-algerie\/#breadcrumb"},"inLanguage":"en-US","potentialAction":[{"@type":"ReadAction","target":["https:\/\/enginstechmaintenance.com\/renovation-moteurs-engins-en-algerie\/"]}]},{"@type":"ImageObject","inLanguage":"en-US","@id":"https:\/\/enginstechmaintenance.com\/renovation-moteurs-engins-en-algerie\/#primaryimage","url":"https:\/\/enginstechmaintenance.com\/wp-content\/uploads\/2026\/01\/Unis-a-votre-machine-1024x389.png","contentUrl":"https:\/\/enginstechmaintenance.com\/wp-content\/uploads\/2026\/01\/Unis-a-votre-machine-1024x389.png"},{"@type":"BreadcrumbList","@id":"https:\/\/enginstechmaintenance.com\/renovation-moteurs-engins-en-algerie\/#breadcrumb","itemListElement":[{"@type":"ListItem","position":1,"name":"Accueil","item":"https:\/\/enginstechmaintenance.com\/"},{"@type":"ListItem","position":2,"name":"R\u00e9novation moteurs engins en Alg\u00e9rie"}]},{"@type":"WebSite","@id":"https:\/\/enginstechmaintenance.com\/#website","url":"https:\/\/enginstechmaintenance.com\/","name":"enginstechmaintenance","description":"","publisher":{"@id":"https:\/\/enginstechmaintenance.com\/#organization"},"potentialAction":[{"@type":"SearchAction","target":{"@type":"EntryPoint","urlTemplate":"https:\/\/enginstechmaintenance.com\/?s={search_term_string}"},"query-input":{"@type":"PropertyValueSpecification","valueRequired":true,"valueName":"search_term_string"}}],"inLanguage":"en-US"},{"@type":"Organization","@id":"https:\/\/enginstechmaintenance.com\/#organization","name":"enginstechmaintenance","url":"https:\/\/enginstechmaintenance.com\/","logo":{"@type":"ImageObject","inLanguage":"en-US","@id":"https:\/\/enginstechmaintenance.com\/#\/schema\/logo\/image\/","url":"https:\/\/enginstechmaintenance.com\/wp-content\/uploads\/2025\/05\/Plan-de-travail-1-1.svg","contentUrl":"https:\/\/enginstechmaintenance.com\/wp-content\/uploads\/2025\/05\/Plan-de-travail-1-1.svg","width":512,"height":512,"caption":"enginstechmaintenance"},"image":{"@id":"https:\/\/enginstechmaintenance.com\/#\/schema\/logo\/image\/"}}]}},"_links":{"self":[{"href":"https:\/\/enginstechmaintenance.com\/en\/wp-json\/wp\/v2\/pages\/1715","targetHints":{"allow":["GET"]}}],"collection":[{"href":"https:\/\/enginstechmaintenance.com\/en\/wp-json\/wp\/v2\/pages"}],"about":[{"href":"https:\/\/enginstechmaintenance.com\/en\/wp-json\/wp\/v2\/types\/page"}],"author":[{"embeddable":true,"href":"https:\/\/enginstechmaintenance.com\/en\/wp-json\/wp\/v2\/users\/1"}],"replies":[{"embeddable":true,"href":"https:\/\/enginstechmaintenance.com\/en\/wp-json\/wp\/v2\/comments?post=1715"}],"version-history":[{"count":7,"href":"https:\/\/enginstechmaintenance.com\/en\/wp-json\/wp\/v2\/pages\/1715\/revisions"}],"predecessor-version":[{"id":1724,"href":"https:\/\/enginstechmaintenance.com\/en\/wp-json\/wp\/v2\/pages\/1715\/revisions\/1724"}],"wp:attachment":[{"href":"https:\/\/enginstechmaintenance.com\/en\/wp-json\/wp\/v2\/media?parent=1715"}],"curies":[{"name":"wp","href":"https:\/\/api.w.org\/{rel}","templated":true}]}}